{"id":630,"date":"2026-04-10T11:31:21","date_gmt":"2026-04-10T11:31:21","guid":{"rendered":"https:\/\/www.grevenbrock.de\/?page_id=630"},"modified":"2026-04-10T11:54:41","modified_gmt":"2026-04-10T11:54:41","slug":"impressum","status":"publish","type":"page","link":"https:\/\/www.grevenbrock.de\/en\/impressum\/","title":{"rendered":"Imprint"},"content":{"rendered":"<div data-elementor-type=\"wp-page\" data-elementor-id=\"630\" class=\"elementor elementor-630\" data-elementor-post-type=\"page\">\n\t\t\t\t<div class=\"elementor-element elementor-element-5400c7c e-flex e-con-boxed e-con e-parent\" data-id=\"5400c7c\" data-element_type=\"container\" data-e-type=\"container\">\n\t\t\t\t\t<div class=\"e-con-inner\">\n\t\t\t\t<div class=\"elementor-element elementor-element-94b16d6 elementor-widget elementor-widget-button\" data-id=\"94b16d6\" data-element_type=\"widget\" data-e-type=\"widget\" data-widget_type=\"button.default\">\n\t\t\t\t\t\t\t\t\t\t<a class=\"elementor-button elementor-button-link elementor-size-sm\" href=\"#english\">\n\t\t\t\t\t\t<span class=\"elementor-button-content-wrapper\">\n\t\t\t\t\t\t\t\t\t<span class=\"elementor-button-text\">Jump to English version<\/span>\n\t\t\t\t\t<\/span>\n\t\t\t\t\t<\/a>\n\t\t\t\t\t\t\t\t<\/div>\n\t\t\t\t<div class=\"elementor-element elementor-element-36738fd elementor-widget elementor-widget-text-editor\" data-id=\"36738fd\" data-element_type=\"widget\" data-e-type=\"widget\" data-widget_type=\"text-editor.default\">\n\t\t\t\t\t\t\t\t\t<h1>Imprint<\/h1><p>Bernhard Grevenbrock GmbH &amp; Co.KG<br \/>S\u00fcdring 10<br \/>46342 Velen-Ramsdorf<\/p><p><strong>Vertreten durch:<\/strong><br \/>Grevenbrock Verwaltungs GmbH<\/p><p>Diese vertreten durch:<br \/>Hubert Grevenbrock<\/p><p>Handelsregister: HRB14644<br \/>Registergericht: Amtsgericht Coesfeld<\/p><h2>Contact<\/h2><p>Telefon: 02863-5151<br \/>E-Mail: mail@grevenbrock.de<\/p><h2>Umsatzsteuer-ID<\/h2><p>Umsatzsteuer-Identifikationsnummer gem\u00e4\u00df \u00a7 27 a Umsatzsteuergesetz:<br \/>DE124169024<\/p><h2>Verbraucher\u00adstreit\u00adbeilegung\/Universal\u00adschlichtungs\u00adstelle<\/h2><p>Wir sind nicht bereit oder verpflichtet, an Streitbeilegungsverfahren vor einer Verbraucherschlichtungsstelle teilzunehmen.<\/p>\t\t\t\t\t\t\t\t<\/div>\n\t\t\t\t<div class=\"elementor-element elementor-element-541a0d7 elementor-widget elementor-widget-text-editor\" data-id=\"541a0d7\" data-element_type=\"widget\" data-e-type=\"widget\" id=\"english\" data-widget_type=\"text-editor.default\">\n\t\t\t\t\t\t\t\t\t<h1>Site Notice<\/h1>\n\n<p>Bernhard Grevenbrock GmbH &amp; Co.KG<br \/>\nS&uuml;dring 10<br \/>\n46342 Velen-Ramsdorf<\/p>\n\n<p><strong>Represented by:<\/strong><br \/>\nGrevenbrock Verwaltungs GmbH<\/p>\n\n<p>That one represented by:<br \/>\nHubert Grevenbrock<\/p>\n\n<p>Commercial Register: HRB14644<br \/>\nRegistering court: Amtsgericht Coesfeld<\/p>\n\n<h2>Contact<\/h2>\n<p>Phone: 02863-5151<br \/>\nE-mail: mail@grevenbrock.de<\/p>\n\n<h2>VAT ID<\/h2>\n<p>Sales tax identification number according to Sect. 27 a of the Sales Tax Law:<br \/>\nDE124169024<\/p>\n\n<h2>Dispute resolution proceedings in front of a consumer arbitration board<\/h2>\n<p>We are not willing or obliged to participate in dispute resolution proceedings in front of a consumer arbitration board.<\/p>\t\t\t\t\t\t\t\t<\/div>\n\t\t\t\t\t<\/div>\n\t\t\t\t<\/div>\n\t\t\t\t<\/div>","protected":false},"excerpt":{"rendered":"<p>Jump to English version Impressum Bernhard Grevenbrock GmbH &amp; Co.KGS\u00fcdring 1046342 Velen-Ramsdorf Vertreten durch:Grevenbrock Verwaltungs GmbH Diese vertreten durch:Hubert Grevenbrock Handelsregister: HRB14644Registergericht: Amtsgericht Coesfeld Kontakt Telefon: 02863-5151E-Mail: mail@grevenbrock.de Umsatzsteuer-ID Umsatzsteuer-Identifikationsnummer gem\u00e4\u00df \u00a7 27 a Umsatzsteuergesetz:DE124169024 Verbraucher\u00adstreit\u00adbeilegung\/Universal\u00adschlichtungs\u00adstelle Wir sind nicht bereit oder verpflichtet, an Streitbeilegungsverfahren vor einer Verbraucherschlichtungsstelle teilzunehmen. Site Notice Bernhard Grevenbrock GmbH &amp; Co.KG [&hellip;]<\/p>\n","protected":false},"author":1,"featured_media":0,"parent":0,"menu_order":0,"comment_status":"closed","ping_status":"closed","template":"elementor_header_footer","meta":{"footnotes":""},"class_list":["post-630","page","type-page","status-publish","hentry"],"yoast_head":"<!-- This site is optimized with the Yoast SEO plugin v27.3 - https:\/\/yoast.com\/product\/yoast-seo-wordpress\/ -->\n<title>Impressum - Grevenbrock<\/title>\n<meta name=\"robots\" content=\"index, follow, max-snippet:-1, max-image-preview:large, max-video-preview:-1\" \/>\n<link rel=\"canonical\" href=\"https:\/\/www.grevenbrock.de\/en\/impressum\/\" \/>\n<meta property=\"og:locale\" content=\"en_US\" \/>\n<meta property=\"og:type\" content=\"article\" \/>\n<meta property=\"og:title\" content=\"Impressum - Grevenbrock\" \/>\n<meta property=\"og:description\" content=\"Jump to English version Impressum Bernhard Grevenbrock GmbH &amp; Co.KGS\u00fcdring 1046342 Velen-Ramsdorf Vertreten durch:Grevenbrock Verwaltungs GmbH Diese vertreten durch:Hubert Grevenbrock Handelsregister: HRB14644Registergericht: Amtsgericht Coesfeld Kontakt Telefon: 02863-5151E-Mail: mail@grevenbrock.de Umsatzsteuer-ID Umsatzsteuer-Identifikationsnummer gem\u00e4\u00df \u00a7 27 a Umsatzsteuergesetz:DE124169024 Verbraucher\u00adstreit\u00adbeilegung\/Universal\u00adschlichtungs\u00adstelle Wir sind nicht bereit oder verpflichtet, an Streitbeilegungsverfahren vor einer Verbraucherschlichtungsstelle teilzunehmen. Site Notice Bernhard Grevenbrock GmbH &amp; Co.KG [&hellip;]\" \/>\n<meta property=\"og:url\" content=\"https:\/\/www.grevenbrock.de\/en\/impressum\/\" \/>\n<meta property=\"og:site_name\" content=\"Grevenbrock\" \/>\n<meta property=\"article:modified_time\" content=\"2026-04-10T11:54:41+00:00\" \/>\n<meta name=\"twitter:card\" content=\"summary_large_image\" \/>\n<meta name=\"twitter:label1\" content=\"Est. reading time\" \/>\n\t<meta name=\"twitter:data1\" content=\"1 minute\" \/>\n<script type=\"application\/ld+json\" class=\"yoast-schema-graph\">{\"@context\":\"https:\\\/\\\/schema.org\",\"@graph\":[{\"@type\":\"WebPage\",\"@id\":\"https:\\\/\\\/www.grevenbrock.de\\\/impressum\\\/\",\"url\":\"https:\\\/\\\/www.grevenbrock.de\\\/impressum\\\/\",\"name\":\"Impressum - Grevenbrock\",\"isPartOf\":{\"@id\":\"https:\\\/\\\/www.grevenbrock.de\\\/#website\"},\"datePublished\":\"2026-04-10T11:31:21+00:00\",\"dateModified\":\"2026-04-10T11:54:41+00:00\",\"breadcrumb\":{\"@id\":\"https:\\\/\\\/www.grevenbrock.de\\\/impressum\\\/#breadcrumb\"},\"inLanguage\":\"en-US\",\"potentialAction\":[{\"@type\":\"ReadAction\",\"target\":[\"https:\\\/\\\/www.grevenbrock.de\\\/impressum\\\/\"]}]},{\"@type\":\"BreadcrumbList\",\"@id\":\"https:\\\/\\\/www.grevenbrock.de\\\/impressum\\\/#breadcrumb\",\"itemListElement\":[{\"@type\":\"ListItem\",\"position\":1,\"name\":\"Home\",\"item\":\"https:\\\/\\\/www.grevenbrock.de\\\/\"},{\"@type\":\"ListItem\",\"position\":2,\"name\":\"Impressum\"}]},{\"@type\":\"WebSite\",\"@id\":\"https:\\\/\\\/www.grevenbrock.de\\\/#website\",\"url\":\"https:\\\/\\\/www.grevenbrock.de\\\/\",\"name\":\"Grevenbrock\",\"description\":\"K\u00fchl- und Tiefk\u00fchlcontainer f\u00fcr B\u00e4ckereien\",\"publisher\":{\"@id\":\"https:\\\/\\\/www.grevenbrock.de\\\/#organization\"},\"potentialAction\":[{\"@type\":\"SearchAction\",\"target\":{\"@type\":\"EntryPoint\",\"urlTemplate\":\"https:\\\/\\\/www.grevenbrock.de\\\/?s={search_term_string}\"},\"query-input\":{\"@type\":\"PropertyValueSpecification\",\"valueRequired\":true,\"valueName\":\"search_term_string\"}}],\"inLanguage\":\"en-US\"},{\"@type\":\"Organization\",\"@id\":\"https:\\\/\\\/www.grevenbrock.de\\\/#organization\",\"name\":\"Grevenbrock\",\"url\":\"https:\\\/\\\/www.grevenbrock.de\\\/\",\"logo\":{\"@type\":\"ImageObject\",\"inLanguage\":\"en-US\",\"@id\":\"https:\\\/\\\/www.grevenbrock.de\\\/#\\\/schema\\\/logo\\\/image\\\/\",\"url\":\"https:\\\/\\\/www.grevenbrock.de\\\/wp-content\\\/uploads\\\/2026\\\/04\\\/Logo-Grevenbrock-scaled.png\",\"contentUrl\":\"https:\\\/\\\/www.grevenbrock.de\\\/wp-content\\\/uploads\\\/2026\\\/04\\\/Logo-Grevenbrock-scaled.png\",\"width\":2560,\"height\":606,\"caption\":\"Grevenbrock\"},\"image\":{\"@id\":\"https:\\\/\\\/www.grevenbrock.de\\\/#\\\/schema\\\/logo\\\/image\\\/\"}}]}<\/script>\n<!-- \/ Yoast SEO plugin. -->","yoast_head_json":{"title":"Impressum - Grevenbrock","robots":{"index":"index","follow":"follow","max-snippet":"max-snippet:-1","max-image-preview":"max-image-preview:large","max-video-preview":"max-video-preview:-1"},"canonical":"https:\/\/www.grevenbrock.de\/en\/impressum\/","og_locale":"en_US","og_type":"article","og_title":"Impressum - Grevenbrock","og_description":"Jump to English version Impressum Bernhard Grevenbrock GmbH &amp; Co.KGS\u00fcdring 1046342 Velen-Ramsdorf Vertreten durch:Grevenbrock Verwaltungs GmbH Diese vertreten durch:Hubert Grevenbrock Handelsregister: HRB14644Registergericht: Amtsgericht Coesfeld Kontakt Telefon: 02863-5151E-Mail: mail@grevenbrock.de Umsatzsteuer-ID Umsatzsteuer-Identifikationsnummer gem\u00e4\u00df \u00a7 27 a Umsatzsteuergesetz:DE124169024 Verbraucher\u00adstreit\u00adbeilegung\/Universal\u00adschlichtungs\u00adstelle Wir sind nicht bereit oder verpflichtet, an Streitbeilegungsverfahren vor einer Verbraucherschlichtungsstelle teilzunehmen. Site Notice Bernhard Grevenbrock GmbH &amp; Co.KG [&hellip;]","og_url":"https:\/\/www.grevenbrock.de\/en\/impressum\/","og_site_name":"Grevenbrock","article_modified_time":"2026-04-10T11:54:41+00:00","twitter_card":"summary_large_image","twitter_misc":{"Est. reading time":"1 minute"},"schema":{"@context":"https:\/\/schema.org","@graph":[{"@type":"WebPage","@id":"https:\/\/www.grevenbrock.de\/impressum\/","url":"https:\/\/www.grevenbrock.de\/impressum\/","name":"Impressum - Grevenbrock","isPartOf":{"@id":"https:\/\/www.grevenbrock.de\/#website"},"datePublished":"2026-04-10T11:31:21+00:00","dateModified":"2026-04-10T11:54:41+00:00","breadcrumb":{"@id":"https:\/\/www.grevenbrock.de\/impressum\/#breadcrumb"},"inLanguage":"en-US","potentialAction":[{"@type":"ReadAction","target":["https:\/\/www.grevenbrock.de\/impressum\/"]}]},{"@type":"BreadcrumbList","@id":"https:\/\/www.grevenbrock.de\/impressum\/#breadcrumb","itemListElement":[{"@type":"ListItem","position":1,"name":"Home","item":"https:\/\/www.grevenbrock.de\/"},{"@type":"ListItem","position":2,"name":"Impressum"}]},{"@type":"WebSite","@id":"https:\/\/www.grevenbrock.de\/#website","url":"https:\/\/www.grevenbrock.de\/","name":"Grevenbrock","description":"Refrigeration and freezer containers for bakeries","publisher":{"@id":"https:\/\/www.grevenbrock.de\/#organization"},"potentialAction":[{"@type":"SearchAction","target":{"@type":"EntryPoint","urlTemplate":"https:\/\/www.grevenbrock.de\/?s={search_term_string}"},"query-input":{"@type":"PropertyValueSpecification","valueRequired":true,"valueName":"search_term_string"}}],"inLanguage":"en-US"},{"@type":"Organization","@id":"https:\/\/www.grevenbrock.de\/#organization","name":"Grevenbrock","url":"https:\/\/www.grevenbrock.de\/","logo":{"@type":"ImageObject","inLanguage":"en-US","@id":"https:\/\/www.grevenbrock.de\/#\/schema\/logo\/image\/","url":"https:\/\/www.grevenbrock.de\/wp-content\/uploads\/2026\/04\/Logo-Grevenbrock-scaled.png","contentUrl":"https:\/\/www.grevenbrock.de\/wp-content\/uploads\/2026\/04\/Logo-Grevenbrock-scaled.png","width":2560,"height":606,"caption":"Grevenbrock"},"image":{"@id":"https:\/\/www.grevenbrock.de\/#\/schema\/logo\/image\/"}}]}},"_links":{"self":[{"href":"https:\/\/www.grevenbrock.de\/en\/wp-json\/wp\/v2\/pages\/630","targetHints":{"allow":["GET"]}}],"collection":[{"href":"https:\/\/www.grevenbrock.de\/en\/wp-json\/wp\/v2\/pages"}],"about":[{"href":"https:\/\/www.grevenbrock.de\/en\/wp-json\/wp\/v2\/types\/page"}],"author":[{"embeddable":true,"href":"https:\/\/www.grevenbrock.de\/en\/wp-json\/wp\/v2\/users\/1"}],"replies":[{"embeddable":true,"href":"https:\/\/www.grevenbrock.de\/en\/wp-json\/wp\/v2\/comments?post=630"}],"version-history":[{"count":13,"href":"https:\/\/www.grevenbrock.de\/en\/wp-json\/wp\/v2\/pages\/630\/revisions"}],"predecessor-version":[{"id":668,"href":"https:\/\/www.grevenbrock.de\/en\/wp-json\/wp\/v2\/pages\/630\/revisions\/668"}],"wp:attachment":[{"href":"https:\/\/www.grevenbrock.de\/en\/wp-json\/wp\/v2\/media?parent=630"}],"curies":[{"name":"wp","href":"https:\/\/api.w.org\/{rel}","templated":true}]}}