{"id":333,"date":"2026-04-06T07:51:29","date_gmt":"2026-04-06T07:51:29","guid":{"rendered":"https:\/\/www.grevenbrock.de\/?page_id=333"},"modified":"2026-04-10T12:01:14","modified_gmt":"2026-04-10T12:01:14","slug":"ueber-uns","status":"publish","type":"page","link":"https:\/\/www.grevenbrock.de\/en\/ueber-uns\/","title":{"rendered":"About us"},"content":{"rendered":"<div data-elementor-type=\"wp-page\" data-elementor-id=\"333\" class=\"elementor elementor-333\" data-elementor-post-type=\"page\">\n\t\t\t\t<div class=\"elementor-element elementor-element-b171169 e-flex e-con-boxed e-con e-parent\" data-id=\"b171169\" data-element_type=\"container\" data-e-type=\"container\" data-settings=\"{&quot;background_background&quot;:&quot;classic&quot;}\">\n\t\t\t\t\t<div class=\"e-con-inner\">\n\t\t\t\t<div class=\"elementor-element elementor-element-3ad0233 elementor-widget__width-initial elementor-widget-mobile__width-inherit elementor-widget elementor-widget-heading\" data-id=\"3ad0233\" data-element_type=\"widget\" data-e-type=\"widget\" data-widget_type=\"heading.default\">\n\t\t\t\t\t<h2 class=\"elementor-heading-title elementor-size-default\">Refrigeration technology with <span id=\"bmer\">experience<\/span> since 1974.<\/h2>\t\t\t\t<\/div>\n\t\t<div class=\"elementor-element elementor-element-c1fad18 e-con-full e-flex e-con e-child\" data-id=\"c1fad18\" data-element_type=\"container\" data-e-type=\"container\">\n\t\t<div class=\"elementor-element elementor-element-aaa7dea e-con-full e-flex e-con e-child\" data-id=\"aaa7dea\" data-element_type=\"container\" data-e-type=\"container\">\n\t\t\t\t<div class=\"elementor-element elementor-element-82cfffa elementor-widget elementor-widget-text-editor\" data-id=\"82cfffa\" data-element_type=\"widget\" data-e-type=\"widget\" data-widget_type=\"text-editor.default\">\n\t\t\t\t\t\t\t\t\t<p>Founded in M\u00fcnsterland, operating across Europe. Specialized in refrigeration containers and cold rooms for bakeries.<\/p>\t\t\t\t\t\t\t\t<\/div>\n\t\t<div class=\"elementor-element elementor-element-656acc9 e-con-full e-flex e-con e-child\" data-id=\"656acc9\" data-element_type=\"container\" data-e-type=\"container\" data-settings=\"{&quot;background_background&quot;:&quot;classic&quot;}\">\n\t\t\t\t<\/div>\n\t\t\t\t<\/div>\n\t\t<div class=\"elementor-element elementor-element-e3b607d e-con-full e-flex e-con e-child\" data-id=\"e3b607d\" data-element_type=\"container\" data-e-type=\"container\">\n\t\t<div class=\"elementor-element elementor-element-7f173df e-con-full e-flex e-con e-child\" data-id=\"7f173df\" data-element_type=\"container\" data-e-type=\"container\" data-settings=\"{&quot;background_background&quot;:&quot;classic&quot;}\">\n\t\t<div class=\"elementor-element elementor-element-e3f7dda e-con-full e-flex e-con e-child\" data-id=\"e3f7dda\" data-element_type=\"container\" data-e-type=\"container\">\n\t\t<div class=\"elementor-element elementor-element-df93a61 e-con-full e-flex e-con e-child\" data-id=\"df93a61\" data-element_type=\"container\" data-e-type=\"container\">\n\t\t\t\t<div class=\"elementor-element elementor-element-67c2541 elementor-widget elementor-widget-text-editor\" data-id=\"67c2541\" data-element_type=\"widget\" data-e-type=\"widget\" data-widget_type=\"text-editor.default\">\n\t\t\t\t\t\t\t\t\t<p>1974:<\/p>\t\t\t\t\t\t\t\t<\/div>\n\t\t\t\t<div class=\"elementor-element elementor-element-dc635f4 elementor-widget-tablet__width-initial elementor-widget elementor-widget-text-editor\" data-id=\"dc635f4\" data-element_type=\"widget\" data-e-type=\"widget\" data-widget_type=\"text-editor.default\">\n\t\t\t\t\t\t\t\t\t<p>Founded by Bernhard Grevenbrock.<\/p>\t\t\t\t\t\t\t\t<\/div>\n\t\t\t\t<\/div>\n\t\t\t\t<div class=\"elementor-element elementor-element-b45a89d elementor-widget-divider--view-line elementor-widget elementor-widget-divider\" data-id=\"b45a89d\" data-element_type=\"widget\" data-e-type=\"widget\" data-widget_type=\"divider.default\">\n\t\t\t\t\t\t\t<div class=\"elementor-divider\">\n\t\t\t<span class=\"elementor-divider-separator\">\n\t\t\t\t\t\t<\/span>\n\t\t<\/div>\n\t\t\t\t\t\t<\/div>\n\t\t<div class=\"elementor-element elementor-element-467be66 e-con-full e-flex e-con e-child\" data-id=\"467be66\" data-element_type=\"container\" data-e-type=\"container\">\n\t\t\t\t<div class=\"elementor-element elementor-element-bd8a453 elementor-widget elementor-widget-text-editor\" data-id=\"bd8a453\" data-element_type=\"widget\" data-e-type=\"widget\" data-widget_type=\"text-editor.default\">\n\t\t\t\t\t\t\t\t\t<p>1997:<\/p>\t\t\t\t\t\t\t\t<\/div>\n\t\t\t\t<div class=\"elementor-element elementor-element-877fe2e elementor-widget__width-initial elementor-widget elementor-widget-text-editor\" data-id=\"877fe2e\" data-element_type=\"widget\" data-e-type=\"widget\" data-widget_type=\"text-editor.default\">\n\t\t\t\t\t\t\t\t\t<p>Hubert Grevenbrock takes over management as a master refrigeration engineer.<\/p>\t\t\t\t\t\t\t\t<\/div>\n\t\t\t\t<\/div>\n\t\t\t\t<div class=\"elementor-element elementor-element-027b2c9 elementor-widget-divider--view-line elementor-widget elementor-widget-divider\" data-id=\"027b2c9\" data-element_type=\"widget\" data-e-type=\"widget\" data-widget_type=\"divider.default\">\n\t\t\t\t\t\t\t<div class=\"elementor-divider\">\n\t\t\t<span class=\"elementor-divider-separator\">\n\t\t\t\t\t\t<\/span>\n\t\t<\/div>\n\t\t\t\t\t\t<\/div>\n\t\t<div class=\"elementor-element elementor-element-2ed20ad e-con-full e-flex e-con e-child\" data-id=\"2ed20ad\" data-element_type=\"container\" data-e-type=\"container\">\n\t\t\t\t<div class=\"elementor-element elementor-element-aa4061f elementor-widget elementor-widget-text-editor\" data-id=\"aa4061f\" data-element_type=\"widget\" data-e-type=\"widget\" data-widget_type=\"text-editor.default\">\n\t\t\t\t\t\t\t\t\t<p>2017:<\/p>\t\t\t\t\t\t\t\t<\/div>\n\t\t\t\t<div class=\"elementor-element elementor-element-40604fc elementor-widget-tablet__width-initial elementor-widget elementor-widget-text-editor\" data-id=\"40604fc\" data-element_type=\"widget\" data-e-type=\"widget\" data-widget_type=\"text-editor.default\">\n\t\t\t\t\t\t\t\t\t<p>Pia Grevenbrock is joining the family business.<\/p>\t\t\t\t\t\t\t\t<\/div>\n\t\t\t\t<\/div>\n\t\t\t\t<\/div>\n\t\t\t\t<\/div>\n\t\t<div class=\"elementor-element elementor-element-531ffe9 e-con-full e-flex e-con e-child\" data-id=\"531ffe9\" data-element_type=\"container\" data-e-type=\"container\" data-settings=\"{&quot;background_background&quot;:&quot;gradient&quot;}\">\n\t\t<div class=\"elementor-element elementor-element-d088395 e-con-full e-flex e-con e-child\" data-id=\"d088395\" data-element_type=\"container\" data-e-type=\"container\" data-settings=\"{&quot;background_background&quot;:&quot;classic&quot;}\">\n\t\t\t\t<div class=\"elementor-element elementor-element-9c7e09c elementor-view-default elementor-widget elementor-widget-icon\" data-id=\"9c7e09c\" data-element_type=\"widget\" data-e-type=\"widget\" data-widget_type=\"icon.default\">\n\t\t\t\t\t\t\t<div class=\"elementor-icon-wrapper\">\n\t\t\t<div class=\"elementor-icon\">\n\t\t\t<svg aria-hidden=\"true\" class=\"e-font-icon-svg e-far-map\" viewbox=\"0 0 576 512\" xmlns=\"http:\/\/www.w3.org\/2000\/svg\"><path d=\"M560.02 32c-1.96 0-3.98.37-5.96 1.16L384.01 96H384L212 35.28A64.252 64.252 0 0 0 191.76 32c-6.69 0-13.37 1.05-19.81 3.14L20.12 87.95A32.006 32.006 0 0 0 0 117.66v346.32C0 473.17 7.53 480 15.99 480c1.96 0 3.97-.37 5.96-1.16L192 416l172 60.71a63.98 63.98 0 0 0 40.05.15l151.83-52.81A31.996 31.996 0 0 0 576 394.34V48.02c0-9.19-7.53-16.02-15.98-16.02zM224 90.42l128 45.19v285.97l-128-45.19V90.42zM48 418.05V129.07l128-44.53v286.2l-.64.23L48 418.05zm480-35.13l-128 44.53V141.26l.64-.24L528 93.95v288.97z\"><\/path><\/svg>\t\t\t<\/div>\n\t\t<\/div>\n\t\t\t\t\t\t<\/div>\n\t\t\t\t<\/div>\n\t\t<div class=\"elementor-element elementor-element-ea74834 e-con-full e-flex e-con e-child\" data-id=\"ea74834\" data-element_type=\"container\" data-e-type=\"container\">\n\t\t\t\t<div class=\"elementor-element elementor-element-fa5720d elementor-widget elementor-widget-heading\" data-id=\"fa5720d\" data-element_type=\"widget\" data-e-type=\"widget\" data-widget_type=\"heading.default\">\n\t\t\t\t\t<p class=\"elementor-heading-title elementor-size-default\">adress<\/p>\t\t\t\t<\/div>\n\t\t\t\t<div class=\"elementor-element elementor-element-0c725bf elementor-widget elementor-widget-heading\" data-id=\"0c725bf\" data-element_type=\"widget\" data-e-type=\"widget\" data-widget_type=\"heading.default\">\n\t\t\t\t\t<p class=\"elementor-heading-title elementor-size-default\">Bernhard Grevenbrock GmbH &amp; Co.KG<br>\nS\u00fcdring 10<br>\nD-46342 Velen-Ramsdorf<\/p>\t\t\t\t<\/div>\n\t\t\t\t<\/div>\n\t\t\t\t<\/div>\n\t\t\t\t<\/div>\n\t\t\t\t<\/div>\n\t\t\t\t\t<\/div>\n\t\t\t\t<\/div>\n\t\t<div class=\"elementor-element elementor-element-6e94667 e-flex e-con-boxed e-con e-parent\" data-id=\"6e94667\" data-element_type=\"container\" data-e-type=\"container\" id=\"kontakt\" data-settings=\"{&quot;background_background&quot;:&quot;gradient&quot;}\">\n\t\t\t\t\t<div class=\"e-con-inner\">\n\t\t<div class=\"elementor-element elementor-element-61727ee e-con-full e-flex e-con e-child\" data-id=\"61727ee\" data-element_type=\"container\" data-e-type=\"container\">\n\t\t\t\t<div class=\"elementor-element elementor-element-b42c5e7 elementor-widget__width-inherit elementor-widget elementor-widget-heading\" data-id=\"b42c5e7\" data-element_type=\"widget\" data-e-type=\"widget\" data-widget_type=\"heading.default\">\n\t\t\t\t\t<h2 class=\"elementor-heading-title elementor-size-default\">Contact <span id=\"wmer\">us<\/span><\/h2>\t\t\t\t<\/div>\n\t\t\t\t<div class=\"elementor-element elementor-element-8d609c7 elementor-widget__width-initial elementor-widget-mobile__width-inherit elementor-widget elementor-widget-text-editor\" data-id=\"8d609c7\" data-element_type=\"widget\" data-e-type=\"widget\" data-widget_type=\"text-editor.default\">\n\t\t\t\t\t\t\t\t\t<p>Do you have questions about our refrigerated and freezer containers or would you like a customized quote? We are happy to advise you personally and without obligation.<\/p>\t\t\t\t\t\t\t\t<\/div>\n\t\t\t\t<div class=\"elementor-element elementor-element-875dd0f elementor-widget elementor-widget-heading\" data-id=\"875dd0f\" data-element_type=\"widget\" data-e-type=\"widget\" data-widget_type=\"heading.default\">\n\t\t\t\t\t<h2 class=\"elementor-heading-title elementor-size-default\">Merriweather load<\/h2>\t\t\t\t<\/div>\n\t\t\t\t<\/div>\n\t\t<div class=\"elementor-element elementor-element-7c4c622 e-con-full e-flex e-con e-child\" data-id=\"7c4c622\" data-element_type=\"container\" data-e-type=\"container\">\n\t\t<div class=\"elementor-element elementor-element-87f986c e-con-full e-flex e-con e-child\" data-id=\"87f986c\" data-element_type=\"container\" data-e-type=\"container\">\n\t\t<div class=\"elementor-element elementor-element-cd620e5 e-con-full e-flex e-con e-child\" data-id=\"cd620e5\" data-element_type=\"container\" data-e-type=\"container\" data-settings=\"{&quot;background_background&quot;:&quot;classic&quot;}\">\n\t\t\t\t<div class=\"elementor-element elementor-element-a125f8c elementor-view-default elementor-widget elementor-widget-icon\" data-id=\"a125f8c\" data-element_type=\"widget\" data-e-type=\"widget\" data-widget_type=\"icon.default\">\n\t\t\t\t\t\t\t<div class=\"elementor-icon-wrapper\">\n\t\t\t<a class=\"elementor-icon\" href=\"mailto:mail@grevenbrock.de\">\n\t\t\t<svg aria-hidden=\"true\" class=\"e-font-icon-svg e-far-envelope\" viewbox=\"0 0 512 512\" xmlns=\"http:\/\/www.w3.org\/2000\/svg\"><path d=\"M464 64H48C21.49 64 0 85.49 0 112v288c0 26.51 21.49 48 48 48h416c26.51 0 48-21.49 48-48V112c0-26.51-21.49-48-48-48zm0 48v40.805c-22.422 18.259-58.168 46.651-134.587 106.49-16.841 13.247-50.201 45.072-73.413 44.701-23.208.375-56.579-31.459-73.413-44.701C106.18 199.465 70.425 171.067 48 152.805V112h416zM48 400V214.398c22.914 18.251 55.409 43.862 104.938 82.646 21.857 17.205 60.134 55.186 103.062 54.955 42.717.231 80.509-37.199 103.053-54.947 49.528-38.783 82.032-64.401 104.947-82.653V400H48z\"><\/path><\/svg>\t\t\t<\/a>\n\t\t<\/div>\n\t\t\t\t\t\t<\/div>\n\t\t\t\t<\/div>\n\t\t<div class=\"elementor-element elementor-element-7604d0c e-con-full e-flex e-con e-child\" data-id=\"7604d0c\" data-element_type=\"container\" data-e-type=\"container\">\n\t\t\t\t<div class=\"elementor-element elementor-element-9bca7e5 elementor-widget elementor-widget-heading\" data-id=\"9bca7e5\" data-element_type=\"widget\" data-e-type=\"widget\" data-widget_type=\"heading.default\">\n\t\t\t\t\t<p class=\"elementor-heading-title elementor-size-default\">by e-mail<\/p>\t\t\t\t<\/div>\n\t\t\t\t<div class=\"elementor-element elementor-element-5aa72f6 elementor-widget elementor-widget-heading\" data-id=\"5aa72f6\" data-element_type=\"widget\" data-e-type=\"widget\" data-widget_type=\"heading.default\">\n\t\t\t\t\t<p class=\"elementor-heading-title elementor-size-default\"><a href=\"mailto:mail@grevenbrock.de\">mail@grevenbrock.de<\/a><\/p>\t\t\t\t<\/div>\n\t\t\t\t<\/div>\n\t\t\t\t<\/div>\n\t\t<div class=\"elementor-element elementor-element-ec59fa1 e-con-full e-flex e-con e-child\" data-id=\"ec59fa1\" data-element_type=\"container\" data-e-type=\"container\">\n\t\t<div class=\"elementor-element elementor-element-592bb1b e-con-full e-flex e-con e-child\" data-id=\"592bb1b\" data-element_type=\"container\" data-e-type=\"container\" data-settings=\"{&quot;background_background&quot;:&quot;classic&quot;}\">\n\t\t\t\t<div class=\"elementor-element elementor-element-7a23dfd elementor-view-default elementor-widget elementor-widget-icon\" data-id=\"7a23dfd\" data-element_type=\"widget\" data-e-type=\"widget\" data-widget_type=\"icon.default\">\n\t\t\t\t\t\t\t<div class=\"elementor-icon-wrapper\">\n\t\t\t<a class=\"elementor-icon\" href=\"tel:+49%202863%205151\">\n\t\t\t<svg aria-hidden=\"true\" class=\"e-font-icon-svg e-fas-phone-alt\" viewbox=\"0 0 512 512\" xmlns=\"http:\/\/www.w3.org\/2000\/svg\"><path d=\"M497.39 361.8l-112-48a24 24 0 0 0-28 6.9l-49.6 60.6A370.66 370.66 0 0 1 130.6 204.11l60.6-49.6a23.94 23.94 0 0 0 6.9-28l-48-112A24.16 24.16 0 0 0 122.6.61l-104 24A24 24 0 0 0 0 48c0 256.5 207.9 464 464 464a24 24 0 0 0 23.4-18.6l24-104a24.29 24.29 0 0 0-14.01-27.6z\"><\/path><\/svg>\t\t\t<\/a>\n\t\t<\/div>\n\t\t\t\t\t\t<\/div>\n\t\t\t\t<\/div>\n\t\t<div class=\"elementor-element elementor-element-7b99073 e-con-full e-flex e-con e-child\" data-id=\"7b99073\" data-element_type=\"container\" data-e-type=\"container\">\n\t\t\t\t<div class=\"elementor-element elementor-element-8ce00ad elementor-widget elementor-widget-heading\" data-id=\"8ce00ad\" data-element_type=\"widget\" data-e-type=\"widget\" data-widget_type=\"heading.default\">\n\t\t\t\t\t<p class=\"elementor-heading-title elementor-size-default\">by phone<\/p>\t\t\t\t<\/div>\n\t\t\t\t<div class=\"elementor-element elementor-element-1d052e1 elementor-widget elementor-widget-heading\" data-id=\"1d052e1\" data-element_type=\"widget\" data-e-type=\"widget\" data-widget_type=\"heading.default\">\n\t\t\t\t\t<p class=\"elementor-heading-title elementor-size-default\"><a href=\"tel:+49%202863%205151\">+49 2863 5151<\/a><\/p>\t\t\t\t<\/div>\n\t\t\t\t<\/div>\n\t\t\t\t<\/div>\n\t\t<div class=\"elementor-element elementor-element-65f28ac e-con-full e-flex e-con e-child\" data-id=\"65f28ac\" data-element_type=\"container\" data-e-type=\"container\">\n\t\t<div class=\"elementor-element elementor-element-af0932c e-con-full e-flex e-con e-child\" data-id=\"af0932c\" data-element_type=\"container\" data-e-type=\"container\" data-settings=\"{&quot;background_background&quot;:&quot;classic&quot;}\">\n\t\t\t\t<div class=\"elementor-element elementor-element-558ff81 elementor-view-default elementor-widget elementor-widget-icon\" data-id=\"558ff81\" data-element_type=\"widget\" data-e-type=\"widget\" data-widget_type=\"icon.default\">\n\t\t\t\t\t\t\t<div class=\"elementor-icon-wrapper\">\n\t\t\t<div class=\"elementor-icon\">\n\t\t\t<svg aria-hidden=\"true\" class=\"e-font-icon-svg e-far-map\" viewbox=\"0 0 576 512\" xmlns=\"http:\/\/www.w3.org\/2000\/svg\"><path d=\"M560.02 32c-1.96 0-3.98.37-5.96 1.16L384.01 96H384L212 35.28A64.252 64.252 0 0 0 191.76 32c-6.69 0-13.37 1.05-19.81 3.14L20.12 87.95A32.006 32.006 0 0 0 0 117.66v346.32C0 473.17 7.53 480 15.99 480c1.96 0 3.97-.37 5.96-1.16L192 416l172 60.71a63.98 63.98 0 0 0 40.05.15l151.83-52.81A31.996 31.996 0 0 0 576 394.34V48.02c0-9.19-7.53-16.02-15.98-16.02zM224 90.42l128 45.19v285.97l-128-45.19V90.42zM48 418.05V129.07l128-44.53v286.2l-.64.23L48 418.05zm480-35.13l-128 44.53V141.26l.64-.24L528 93.95v288.97z\"><\/path><\/svg>\t\t\t<\/div>\n\t\t<\/div>\n\t\t\t\t\t\t<\/div>\n\t\t\t\t<\/div>\n\t\t<div class=\"elementor-element elementor-element-a41f77f e-con-full e-flex e-con e-child\" data-id=\"a41f77f\" data-element_type=\"container\" data-e-type=\"container\">\n\t\t\t\t<div class=\"elementor-element elementor-element-ab73c2b elementor-widget elementor-widget-heading\" data-id=\"ab73c2b\" data-element_type=\"widget\" data-e-type=\"widget\" data-widget_type=\"heading.default\">\n\t\t\t\t\t<p class=\"elementor-heading-title elementor-size-default\">adress<\/p>\t\t\t\t<\/div>\n\t\t\t\t<div class=\"elementor-element elementor-element-4e61966 elementor-widget elementor-widget-heading\" data-id=\"4e61966\" data-element_type=\"widget\" data-e-type=\"widget\" data-widget_type=\"heading.default\">\n\t\t\t\t\t<p class=\"elementor-heading-title elementor-size-default\">Bernhard Grevenbrock GmbH &amp; Co.KG<br>\nS\u00fcdring 10<br>\nD-46342 Velen-Ramsdorf<\/p>\t\t\t\t<\/div>\n\t\t\t\t<\/div>\n\t\t\t\t<\/div>\n\t\t\t\t<\/div>\n\t\t\t\t\t<\/div>\n\t\t\t\t<\/div>\n\t\t\t\t<\/div>","protected":false},"excerpt":{"rendered":"<p>K\u00e4ltetechnik mit Erfahrung seit 1974. Im M\u00fcnsterland gegr\u00fcndet, europaweit t\u00e4tig. Spezialisiert auf K\u00fchlcontainer und K\u00fchlzellen f\u00fcr B\u00e4ckereien. 1974: Gr\u00fcndung durch Bernhard Grevenbrock. 1997: Hubert Grevenbrock \u00fcbernimmt als K\u00e4lteanlagenbauermeister die Leitung. 2017: Pia Grevenbrock wird Teil des Familienunternehmens. Adresse Bernhard Grevenbrock GmbH &amp; Co.KG S\u00fcdring 10\u2028 D-46342 Velen-Ramsdorf Kontaktaktieren Sie uns Haben Sie Fragen zu unseren [&hellip;]<\/p>\n","protected":false},"author":1,"featured_media":0,"parent":0,"menu_order":0,"comment_status":"closed","ping_status":"closed","template":"elementor_header_footer","meta":{"footnotes":""},"class_list":["post-333","page","type-page","status-publish","hentry"],"yoast_head":"<!-- This site is optimized with the Yoast SEO plugin v27.3 - https:\/\/yoast.com\/product\/yoast-seo-wordpress\/ -->\n<title>\u00dcber Grevenbrock | 50+ Jahre K\u00fchlcontainer-Erfahrung aus Velen-Ramsdorf<\/title>\n<meta name=\"description\" content=\"Die Bernhard Grevenbrock GmbH &amp; Co. KG aus Velen-Ramsdorf steht seit \u00fcber 50 Jahren f\u00fcr hochwertige K\u00fchlcontainer \u2013 individuell, leise und weltweit im Einsatz.\" \/>\n<meta name=\"robots\" content=\"index, follow, max-snippet:-1, max-image-preview:large, max-video-preview:-1\" \/>\n<link rel=\"canonical\" href=\"https:\/\/www.grevenbrock.de\/en\/ueber-uns\/\" \/>\n<meta property=\"og:locale\" content=\"en_US\" \/>\n<meta property=\"og:type\" content=\"article\" \/>\n<meta property=\"og:title\" content=\"\u00dcber Grevenbrock | 50+ Jahre K\u00fchlcontainer-Erfahrung aus Velen-Ramsdorf\" \/>\n<meta property=\"og:description\" content=\"Die Bernhard Grevenbrock GmbH &amp; Co. KG aus Velen-Ramsdorf steht seit \u00fcber 50 Jahren f\u00fcr hochwertige K\u00fchlcontainer \u2013 individuell, leise und weltweit im Einsatz.\" \/>\n<meta property=\"og:url\" content=\"https:\/\/www.grevenbrock.de\/en\/ueber-uns\/\" \/>\n<meta property=\"og:site_name\" content=\"Grevenbrock\" \/>\n<meta property=\"article:modified_time\" content=\"2026-04-10T12:01:14+00:00\" \/>\n<meta name=\"twitter:card\" content=\"summary_large_image\" \/>\n<meta name=\"twitter:label1\" content=\"Est. reading time\" \/>\n\t<meta name=\"twitter:data1\" content=\"1 minute\" \/>\n<script type=\"application\/ld+json\" class=\"yoast-schema-graph\">{\"@context\":\"https:\\\/\\\/schema.org\",\"@graph\":[{\"@type\":\"WebPage\",\"@id\":\"https:\\\/\\\/www.grevenbrock.de\\\/ueber-uns\\\/\",\"url\":\"https:\\\/\\\/www.grevenbrock.de\\\/ueber-uns\\\/\",\"name\":\"\u00dcber Grevenbrock | 50+ Jahre K\u00fchlcontainer-Erfahrung aus Velen-Ramsdorf\",\"isPartOf\":{\"@id\":\"https:\\\/\\\/www.grevenbrock.de\\\/#website\"},\"datePublished\":\"2026-04-06T07:51:29+00:00\",\"dateModified\":\"2026-04-10T12:01:14+00:00\",\"description\":\"Die Bernhard Grevenbrock GmbH & Co. KG aus Velen-Ramsdorf steht seit \u00fcber 50 Jahren f\u00fcr hochwertige K\u00fchlcontainer \u2013 individuell, leise und weltweit im Einsatz.\",\"breadcrumb\":{\"@id\":\"https:\\\/\\\/www.grevenbrock.de\\\/ueber-uns\\\/#breadcrumb\"},\"inLanguage\":\"en-US\",\"potentialAction\":[{\"@type\":\"ReadAction\",\"target\":[\"https:\\\/\\\/www.grevenbrock.de\\\/ueber-uns\\\/\"]}]},{\"@type\":\"BreadcrumbList\",\"@id\":\"https:\\\/\\\/www.grevenbrock.de\\\/ueber-uns\\\/#breadcrumb\",\"itemListElement\":[{\"@type\":\"ListItem\",\"position\":1,\"name\":\"Home\",\"item\":\"https:\\\/\\\/www.grevenbrock.de\\\/\"},{\"@type\":\"ListItem\",\"position\":2,\"name\":\"\u00dcber uns\"}]},{\"@type\":\"WebSite\",\"@id\":\"https:\\\/\\\/www.grevenbrock.de\\\/#website\",\"url\":\"https:\\\/\\\/www.grevenbrock.de\\\/\",\"name\":\"Grevenbrock\",\"description\":\"K\u00fchl- und Tiefk\u00fchlcontainer f\u00fcr B\u00e4ckereien\",\"publisher\":{\"@id\":\"https:\\\/\\\/www.grevenbrock.de\\\/#organization\"},\"potentialAction\":[{\"@type\":\"SearchAction\",\"target\":{\"@type\":\"EntryPoint\",\"urlTemplate\":\"https:\\\/\\\/www.grevenbrock.de\\\/?s={search_term_string}\"},\"query-input\":{\"@type\":\"PropertyValueSpecification\",\"valueRequired\":true,\"valueName\":\"search_term_string\"}}],\"inLanguage\":\"en-US\"},{\"@type\":\"Organization\",\"@id\":\"https:\\\/\\\/www.grevenbrock.de\\\/#organization\",\"name\":\"Grevenbrock\",\"url\":\"https:\\\/\\\/www.grevenbrock.de\\\/\",\"logo\":{\"@type\":\"ImageObject\",\"inLanguage\":\"en-US\",\"@id\":\"https:\\\/\\\/www.grevenbrock.de\\\/#\\\/schema\\\/logo\\\/image\\\/\",\"url\":\"https:\\\/\\\/www.grevenbrock.de\\\/wp-content\\\/uploads\\\/2026\\\/04\\\/Logo-Grevenbrock-scaled.png\",\"contentUrl\":\"https:\\\/\\\/www.grevenbrock.de\\\/wp-content\\\/uploads\\\/2026\\\/04\\\/Logo-Grevenbrock-scaled.png\",\"width\":2560,\"height\":606,\"caption\":\"Grevenbrock\"},\"image\":{\"@id\":\"https:\\\/\\\/www.grevenbrock.de\\\/#\\\/schema\\\/logo\\\/image\\\/\"}}]}<\/script>\n<!-- \/ Yoast SEO plugin. -->","yoast_head_json":{"title":"\u00dcber Grevenbrock | 50+ Jahre K\u00fchlcontainer-Erfahrung aus Velen-Ramsdorf","description":"Die Bernhard Grevenbrock GmbH & Co. KG aus Velen-Ramsdorf steht seit \u00fcber 50 Jahren f\u00fcr hochwertige K\u00fchlcontainer \u2013 individuell, leise und weltweit im Einsatz.","robots":{"index":"index","follow":"follow","max-snippet":"max-snippet:-1","max-image-preview":"max-image-preview:large","max-video-preview":"max-video-preview:-1"},"canonical":"https:\/\/www.grevenbrock.de\/en\/ueber-uns\/","og_locale":"en_US","og_type":"article","og_title":"\u00dcber Grevenbrock | 50+ Jahre K\u00fchlcontainer-Erfahrung aus Velen-Ramsdorf","og_description":"Die Bernhard Grevenbrock GmbH & Co. KG aus Velen-Ramsdorf steht seit \u00fcber 50 Jahren f\u00fcr hochwertige K\u00fchlcontainer \u2013 individuell, leise und weltweit im Einsatz.","og_url":"https:\/\/www.grevenbrock.de\/en\/ueber-uns\/","og_site_name":"Grevenbrock","article_modified_time":"2026-04-10T12:01:14+00:00","twitter_card":"summary_large_image","twitter_misc":{"Est. reading time":"1 minute"},"schema":{"@context":"https:\/\/schema.org","@graph":[{"@type":"WebPage","@id":"https:\/\/www.grevenbrock.de\/ueber-uns\/","url":"https:\/\/www.grevenbrock.de\/ueber-uns\/","name":"\u00dcber Grevenbrock | 50+ Jahre K\u00fchlcontainer-Erfahrung aus Velen-Ramsdorf","isPartOf":{"@id":"https:\/\/www.grevenbrock.de\/#website"},"datePublished":"2026-04-06T07:51:29+00:00","dateModified":"2026-04-10T12:01:14+00:00","description":"Die Bernhard Grevenbrock GmbH & Co. KG aus Velen-Ramsdorf steht seit \u00fcber 50 Jahren f\u00fcr hochwertige K\u00fchlcontainer \u2013 individuell, leise und weltweit im Einsatz.","breadcrumb":{"@id":"https:\/\/www.grevenbrock.de\/ueber-uns\/#breadcrumb"},"inLanguage":"en-US","potentialAction":[{"@type":"ReadAction","target":["https:\/\/www.grevenbrock.de\/ueber-uns\/"]}]},{"@type":"BreadcrumbList","@id":"https:\/\/www.grevenbrock.de\/ueber-uns\/#breadcrumb","itemListElement":[{"@type":"ListItem","position":1,"name":"Home","item":"https:\/\/www.grevenbrock.de\/"},{"@type":"ListItem","position":2,"name":"\u00dcber uns"}]},{"@type":"WebSite","@id":"https:\/\/www.grevenbrock.de\/#website","url":"https:\/\/www.grevenbrock.de\/","name":"Grevenbrock","description":"Refrigeration and freezer containers for bakeries","publisher":{"@id":"https:\/\/www.grevenbrock.de\/#organization"},"potentialAction":[{"@type":"SearchAction","target":{"@type":"EntryPoint","urlTemplate":"https:\/\/www.grevenbrock.de\/?s={search_term_string}"},"query-input":{"@type":"PropertyValueSpecification","valueRequired":true,"valueName":"search_term_string"}}],"inLanguage":"en-US"},{"@type":"Organization","@id":"https:\/\/www.grevenbrock.de\/#organization","name":"Grevenbrock","url":"https:\/\/www.grevenbrock.de\/","logo":{"@type":"ImageObject","inLanguage":"en-US","@id":"https:\/\/www.grevenbrock.de\/#\/schema\/logo\/image\/","url":"https:\/\/www.grevenbrock.de\/wp-content\/uploads\/2026\/04\/Logo-Grevenbrock-scaled.png","contentUrl":"https:\/\/www.grevenbrock.de\/wp-content\/uploads\/2026\/04\/Logo-Grevenbrock-scaled.png","width":2560,"height":606,"caption":"Grevenbrock"},"image":{"@id":"https:\/\/www.grevenbrock.de\/#\/schema\/logo\/image\/"}}]}},"_links":{"self":[{"href":"https:\/\/www.grevenbrock.de\/en\/wp-json\/wp\/v2\/pages\/333","targetHints":{"allow":["GET"]}}],"collection":[{"href":"https:\/\/www.grevenbrock.de\/en\/wp-json\/wp\/v2\/pages"}],"about":[{"href":"https:\/\/www.grevenbrock.de\/en\/wp-json\/wp\/v2\/types\/page"}],"author":[{"embeddable":true,"href":"https:\/\/www.grevenbrock.de\/en\/wp-json\/wp\/v2\/users\/1"}],"replies":[{"embeddable":true,"href":"https:\/\/www.grevenbrock.de\/en\/wp-json\/wp\/v2\/comments?post=333"}],"version-history":[{"count":46,"href":"https:\/\/www.grevenbrock.de\/en\/wp-json\/wp\/v2\/pages\/333\/revisions"}],"predecessor-version":[{"id":661,"href":"https:\/\/www.grevenbrock.de\/en\/wp-json\/wp\/v2\/pages\/333\/revisions\/661"}],"wp:attachment":[{"href":"https:\/\/www.grevenbrock.de\/en\/wp-json\/wp\/v2\/media?parent=333"}],"curies":[{"name":"wp","href":"https:\/\/api.w.org\/{rel}","templated":true}]}}